{"id":1060,"date":"2013-11-21T14:54:39","date_gmt":"2013-11-21T12:54:39","guid":{"rendered":"https:\/\/www.ghs-berlin.de\/?page_id=1060"},"modified":"2017-12-20T18:37:23","modified_gmt":"2017-12-20T16:37:23","slug":"bibliothek","status":"publish","type":"page","link":"https:\/\/www.ghs-berlin.de\/?page_id=1060","title":{"rendered":"Bibliothek"},"content":{"rendered":"[et_pb_section bb_built=&#8220;1&#8243;][et_pb_row][et_pb_column type=&#8220;1_3&#8243;][et_pb_image _builder_version=&#8220;3.0.92&#8243; src=&#8220;https:\/\/www.ghs-berlin.de\/wp-content\/uploads\/2013\/11\/Bibo2.jpg&#8220; show_in_lightbox=&#8220;off&#8220; url_new_window=&#8220;off&#8220; use_overlay=&#8220;off&#8220; always_center_on_mobile=&#8220;on&#8220; force_fullwidth=&#8220;off&#8220; show_bottom_space=&#8220;on&#8220; \/][\/et_pb_column][et_pb_column type=&#8220;1_3&#8243;][et_pb_image _builder_version=&#8220;3.0.92&#8243; src=&#8220;https:\/\/www.ghs-berlin.de\/wp-content\/uploads\/2013\/11\/Bibo1.jpg&#8220; show_in_lightbox=&#8220;off&#8220; url_new_window=&#8220;off&#8220; use_overlay=&#8220;off&#8220; always_center_on_mobile=&#8220;on&#8220; force_fullwidth=&#8220;off&#8220; show_bottom_space=&#8220;on&#8220; \/][\/et_pb_column][et_pb_column type=&#8220;1_3&#8243;][et_pb_image _builder_version=&#8220;3.0.92&#8243; src=&#8220;https:\/\/www.ghs-berlin.de\/wp-content\/uploads\/2013\/11\/Bibo4.jpg&#8220; show_in_lightbox=&#8220;off&#8220; url_new_window=&#8220;off&#8220; use_overlay=&#8220;off&#8220; always_center_on_mobile=&#8220;on&#8220; force_fullwidth=&#8220;off&#8220; show_bottom_space=&#8220;on&#8220; \/][\/et_pb_column][\/et_pb_row][et_pb_row][et_pb_column type=&#8220;4_4&#8243;][et_pb_text _builder_version=&#8220;3.0.92&#8243; background_layout=&#8220;light&#8220;]\n<p style=\"text-align: center;\"><em>&#8222;Ein Leben ohne B\u00fccher ist wie eine Kindheit ohne M\u00e4rchen, ist wie eine Jugend ohne Liebe, ist wie ein Alter ohne Frieden.&#8220;<br \/>\nCarl Peter Fr\u00f6hling<\/em><\/p>\n<p>&nbsp;<\/p>\n<p style=\"text-align: justify;\">Seit dem 07.11.13 wird unsere neu er\u00f6ffnete Bibliothek von Frau Zabel gef\u00fchrt. Sie kommt aus dem Team von Frau Fr\u00fcbing, die die schulbibliothekarische Arbeit in Treptow-K\u00f6penick koordiniert. Der Buchbestand der Bibliothek wurde bereits im M\u00e4rz 2013 mit einer Anzahl von 1644 B\u00fcchern im Rahmen einer Diplomarbeit elektronisch erfasst und die einzelnen Exemplare mit Signaturen versehen. Zur Buchverwaltung wird die Software BISaM, das <span style=\"text-decoration: underline;\">B<\/span>uch <span style=\"text-decoration: underline;\">I<\/span>nformationssystem <span style=\"text-decoration: underline;\">S<\/span>ystem <span style=\"text-decoration: underline;\">a<\/span>m <span style=\"text-decoration: underline;\">M<\/span>onitor, genutzt.<\/p>\n<p>Der <b>Buchbestand<\/b> gliedert sich in zwei gro\u00dfe Sparten:<\/p>\n<p><em>I.\u00a0\u00a0\u00a0 Belletristik, Biografien und fremdsprachige Literatur<\/em><br \/>\n<em>II. Sachb\u00fccher (erg\u00e4nzende Literatur zum Unterricht, nach F\u00e4chern geordnet)<\/em><\/p>\n<p style=\"text-align: justify;\">Der Bestand Belletristik wird f\u00fcr echte Leseratten weitergef\u00fchrt und mit\u00a0 tempor\u00e4r angelegten Aktionen belebt. Hier: \u201eBuch auf Wanderschaft\u201c, \u201eBilderbuchkino gestalten\u201c \u2026 Die Sachb\u00fccher werden in enger Absprache mit den Fachlehrern aktualisiert und bilden die Grundlage f\u00fcr die Ausrichtung der Bibliothek als <strong>Pr\u00e4senzbibliothek<\/strong>.<\/p>\n<p><span style=\"text-decoration: underline;\"><strong>Was bietet die Bibliothek?<\/strong><\/span><\/p>\n<ul>\n<li>Buchausleihe Belletristik<\/li>\n<li>Informationen zu aktuellen Themen und Events bzgl. Buch\/Literatur in Berlin, speziell in Treptow-K\u00f6penick<\/li>\n<li>Anregungen: Buch und Gedicht des Monats<\/li>\n<li>AG- Bibliothek: kreativ<\/li>\n<li>Online-Recherche zu Literatur f\u00fcr Vortr\u00e4ge und Pr\u00e4sentationen in allen F\u00e4chern, speziell in Vorbereitung auf die Pr\u00fcfungen zum MSA-Abschluss und zum Abitur<br \/>\n(Suche im V\u00d6BB und HU-Unibibliothek)<\/li>\n<li>Bestellung von Literatur und Bereitstellung gegenst\u00e4ndlich o. digital<\/li>\n<li>Unterst\u00fctzung bei der Recherche, Pr\u00fcfungsvorbereitung und Themenfindung<\/li>\n<li>Tageszeitungen t\u00e4glich aktuell mit dem Bibliotheksausweis V\u00d6BB lesen<\/li>\n<li>AG- Bibliothek : ordnungsrelevant<\/li>\n<li><span style=\"color: #00ccff;\"><a style=\"color: #00ccff;\" href=\"https:\/\/www.voebb.de\/aDISWeb\/app?service=direct\/0\/Home\/$DirectLink&amp;sp=Svb.srz.lit.verwalt-berlin.de%3A4103\">Wir bringen Medien in Bewegung<\/a><\/span><\/li>\n<li><span style=\"color: #00ccff;\"><a style=\"color: #00ccff;\" href=\"http:\/\/www.sb-tk.de\/\">Stadtbibliothek Treptow-K\u00f6penick und Newsletter<\/a><\/span><\/li>\n<\/ul>\n<p>&nbsp;<\/p>\n<p style=\"text-align: center;\"><strong>Die \u00d6ffnungszeiten sind Montag &#8211; Freitag von 09:00 Uhr &#8211; 15:00 Uhr.<\/strong><\/p>\n[\/et_pb_text][\/et_pb_column][\/et_pb_row][\/et_pb_section]\n","protected":false},"excerpt":{"rendered":"<p><div class=\"et_pb_row et_pb_row_0 et_pb_row_empty\">\n\t\t\t\t\n\t\t\t\t\n\t\t\t\t\n\t\t\t\t\n\t\t\t\t\n\t\t\t<\/div><div class=\"et_pb_row et_pb_row_1 et_pb_row_empty\">\n\t\t\t\t\n\t\t\t\t\n\t\t\t\t\n\t\t\t\t\n\t\t\t\t\n\t\t\t<\/div> &#8222;Ein Leben ohne B\u00fccher ist wie eine Kindheit ohne M\u00e4rchen, ist wie eine Jugend ohne Liebe, ist wie ein Alter ohne Frieden.&#8220; Carl Peter Fr\u00f6hling &nbsp; Seit dem 07.11.13 wird unsere neu er\u00f6ffnete Bibliothek von Frau Zabel gef\u00fchrt. Sie kommt aus dem Team von Frau Fr\u00fcbing, die die schulbibliothekarische Arbeit in Treptow-K\u00f6penick koordiniert. Der [&hellip;]<\/p>\n","protected":false},"author":2,"featured_media":0,"parent":0,"menu_order":0,"comment_status":"closed","ping_status":"open","template":"","meta":{"_et_pb_use_builder":"on","_et_pb_old_content":"<p style=\"text-align: center;\"><em>\"Ein Leben ohne B\u00fccher ist wie eine Kindheit ohne M\u00e4rchen, ist wie eine Jugend ohne Liebe, ist wie ein Alter ohne Frieden.\"<br \/> Carl Peter Fr\u00f6hling<\/em><\/p><p>\u00a0<\/p><p style=\"text-align: justify;\"><a href=\"https:\/\/www.ghs-berlin.de\/wp-content\/uploads\/2013\/11\/Bibo2.jpg\"><img class=\"alignright wp-image-1081\" src=\"https:\/\/www.ghs-berlin.de\/wp-content\/uploads\/2013\/11\/Bibo2.jpg\" alt=\"Bibo2\" width=\"270\" height=\"179\" \/><\/a>Seit dem 07.11.13 wird unsere neu er\u00f6ffnete Bibliothek von Frau Zabel gef\u00fchrt. Sie kommt aus dem Team von Frau Fr\u00fcbing, die die schulbibliothekarische Arbeit in Treptow-K\u00f6penick koordiniert. Der Buchbestand der Bibliothek wurde bereits im M\u00e4rz 2013 mit einer Anzahl von 1644 B\u00fcchern im Rahmen einer Diplomarbeit elektronisch erfasst und die einzelnen Exemplare mit Signaturen versehen.. Zur Buchverwaltung wird die Software BISaM, das <span style=\"text-decoration: underline;\">B<\/span>uch <span style=\"text-decoration: underline;\">I<\/span>nformationssystem <span style=\"text-decoration: underline;\">S<\/span>ystem <span style=\"text-decoration: underline;\">a<\/span>m <span style=\"text-decoration: underline;\">M<\/span>onitor, genutzt.<\/p><p>Der <b>Buchbestand<\/b> gliedert sich in zwei gro\u00dfe Sparten:<\/p><p><em>I.\u00a0\u00a0\u00a0 Belletristik, Biografien und fremdsprachige Literatur<\/em><br \/> <em>II. Sachb\u00fccher (erg\u00e4nzende Literatur zum Unterricht, nach F\u00e4chern geordnet)<\/em><\/p><p style=\"text-align: justify;\">Der Bestand Belletristik wird f\u00fcr echte Leseratten weitergef\u00fchrt und mit\u00a0 tempor\u00e4r angelegten Aktionen <a href=\"https:\/\/www.ghs-berlin.de\/wp-content\/uploads\/2013\/11\/Bibo3.jpg\"><img class=\"alignright wp-image-1083\" src=\"https:\/\/www.ghs-berlin.de\/wp-content\/uploads\/2013\/11\/Bibo3.jpg\" alt=\"Bibo3\" width=\"269\" height=\"179\" \/><\/a>belebt. Hier: \u201eBuch auf Wanderschaft\u201c, \u201eBilderbuchkino gestalten\u201c \u2026 Die Sachb\u00fccher werden in enger Absprache mit den Fachlehrern aktualisiert und bilden die Grundlage f\u00fcr die Ausrichtung der Bibliothek als <strong>Pr\u00e4senzbibliothek<\/strong>. Den gesamten Bestand an Literatur findet ihr hier: <a href=\"https:\/\/www.ghs-berlin.de\/wp-content\/uploads\/2013\/11\/Inventarliste02-2014.pdf\">Inventarliste<\/a><\/p><p><span style=\"text-decoration: underline;\"><strong>Was bietet die Bibliothek?<\/strong><\/span><\/p><ul><li>Buchausleihe Belletristik<\/li><li>Informationen zu aktuellen Themen und Events bzgl. Buch\/Literatur in Berlin, speziell in Treptow-K\u00f6penick<\/li><li>Anregungen: Buch und Gedicht des Monats<\/li><li>AG- Bibliothek: kreativ<a href=\"https:\/\/www.ghs-berlin.de\/wp-content\/uploads\/2013\/11\/Bibo4.jpg\"><img class=\"alignright wp-image-1087\" src=\"https:\/\/www.ghs-berlin.de\/wp-content\/uploads\/2013\/11\/Bibo4.jpg\" alt=\"Bibo4\" width=\"271\" height=\"180\" \/><\/a><\/li><li>Online-Recherche zu Literatur f\u00fcr Vortr\u00e4ge und Pr\u00e4sentationen in allen F\u00e4chern, speziell in Vorbereitung auf die Pr\u00fcfungen zum MSA-Abschluss und zum Abitur<br \/> (Suche im V\u00d6BB und HU-Unibibliothek)<\/li><li>Bestellung von Literatur und Bereitstellung gegenst\u00e4ndlich o. digital<\/li><li>Unterst\u00fctzung bei der Recherche, Pr\u00fcfungsvorbereitung und Themenfindung<\/li><li>Tageszeitungen t\u00e4glich aktuell mit dem Bibliotheksausweis V\u00d6BB lesen<\/li><li>AG- Bibliothek : ordnungsrelevant<\/li><li><a href=\"https:\/\/www.voebb.de\/aDISWeb\/app?service=direct\/0\/Home\/$DirectLink&sp=Svb.srz.lit.verwalt-berlin.de%3A4103\">Wir bringen Medien in Bewegung<\/a><\/li><li><a href=\"http:\/\/www.sb-tk.de\/\">Stadtbibliothek Treptow-K\u00f6penick und Newsletter<\/a><\/li><\/ul><p>\u00a0<\/p><p style=\"text-align: left;\"><strong>Die \u00d6ffnungszeiten sind Montag - Freitag von 09:00 Uhr - 15:00 Uhr.<\/strong><\/p><p>\u00a0<\/p><p style=\"text-align: justify;\"><strong><span style=\"text-decoration: underline;\">Aktuelle Projekte\u00a0<\/span><\/strong> (Stand: 12.07.2015)<strong><br \/> <\/strong><\/p><p style=\"text-align: center;\"><a href=\"https:\/\/www.ghs-berlin.de\/wp-content\/uploads\/2013\/11\/Urkunde.jpg\"><img class=\"aligncenter wp-image-3697\" src=\"https:\/\/www.ghs-berlin.de\/wp-content\/uploads\/2013\/11\/Urkunde.jpg\" alt=\"Urkunde\" width=\"411\" height=\"593\" \/><\/a><\/p><p style=\"text-align: center;\">[symple_button color=\"green\" url=\"https:\/\/www.ghs-berlin.de\/wp-content\/uploads\/2013\/11\/PREISVERLEIHUNG.pdf\" title=\"Download\" target=\"blank\" border_radius=\"\"]Preisverleihung f\u00fcr das Projekt \"Bilderbuchkino\"[\/symple_button]<\/p><p>\u00a0<\/p><p style=\"text-align: justify;\">Am 08.04. 2014 hat Hendrik Kr\u00fcger, Mitglied beim Projekt Bilderbuchkino, sein selbst verfasstes M\u00e4rchen <em>\"Der Eisenhans\"<\/em> nach dem Original der Gebr\u00fcder Grimm vor der Klasse 1A der Uhlenhorst-Grundschule vorgelesen. Er hat seine Sache sehr gut gemacht und konnte die Erstkl\u00e4ssler und die Lehrerin Frau Kautz begeistern. Elisabeth Andersohn, eine Abiturientin unseres Gymnasiums f\u00fchrte als \"Eisenhans\" die Kinder schauspielerisch durch die Geschichte. Hier sind einige Impressionen vom Bilderbuchkino in Aktion:<\/p><p>\u00a0<\/p><p>[gallery link=\"file\" ids=\"1916,1917,1918,1919,1920,1921,1922,1923\"]<\/p><p>\u00a0<\/p><p style=\"text-align: justify;\">Spanisch-Projekttage in der Bibliothek vom 24.02. \u2013 03.03.2014 unter der Leitung von Fr. Trujillo:<br \/> Details zum Projektverlauf k\u00f6nnt ihr hier nachlesen: <a href=\"https:\/\/www.ghs-berlin.de\/wp-content\/uploads\/2013\/11\/Los20mundos-biblio.pdf\">Los20mundos<\/a><\/p><p style=\"text-align: justify;\">Zur weiteren Unterst\u00fctzung des Bilderbuchkinos hat sich Elisabeth Andersohn aus der Jahrgangsstufe 12 bereit erkl\u00e4rt. Sie wird die M\u00e4rchen vorlesen und das \"Rotk\u00e4ppchen\" mit ihren Ideen auffrischen.<\/p><p style=\"text-align: justify;\">Die AG Bibliothek kreativ hat ein neues Projekt unter dem Titel <span style=\"color: #333300;\"><strong><em>\"BLATTWerk\"<\/em><\/strong><\/span> gestartet. Alle Informationen dazu findet Ihr in diesem <a href=\"https:\/\/www.ghs-berlin.de\/wp-content\/uploads\/2013\/11\/blattwerk.pdf\">Flyer<\/a>.<\/p><p style=\"text-align: justify;\">F\u00fcr den Spanischunterricht mit der 7. Klasse gab Frau Trujillo die Anregung zum Thema \u201eDie 20 spanischsprachigen L\u00e4nder der Erde\u201c mittels Lexika und Atlanten in der Bibliothek zu erkunden, sowie weitere relevante Fakten in einer \u00dcbersichtstabelle mit wichtigen Daten der L\u00e4nder zu erstellen. Diese Idee wurde auch von Herrn Schilling aufgenommen und wird demn\u00e4chst umgesetzt.<\/p><p style=\"text-align: justify;\">Die AG -Bibliothek kreativ- hat einige aktive Mitglieder f\u00fcr das Projekt <em>Bilderbuchkino<\/em> gewinnen k\u00f6nnen. Hier wurden M\u00e4rchen der Gebr\u00fcder Grimm in moderner Sprache geschrieben und gro\u00dfformatige Zeichnungen angefertigt. Mit diesen Arbeiten gehen wir zu den Sch\u00fclern der 1.+2. Klasse der Grundschule und gestalten einen M\u00e4rchennachmittag mit den selbst gefertigten Arbeiten. Einen Auszug aus den neu verfassten Texten von <em>Lena B\u00f6hm<\/em>, Klasse 7b, zum M\u00e4rchen\u00a0<a href=\"https:\/\/www.ghs-berlin.de\/wp-content\/uploads\/2013\/11\/Stiefelkatze.pdf\">\"Der gestiefelte Kater\"<\/a> und von <em>Hendrik Kr\u00fcger<\/em>\u00a0<a href=\"https:\/\/www.ghs-berlin.de\/wp-content\/uploads\/2013\/11\/Eisenhans.pdf\">\"Der Eisenhans\"<\/a>\u00a0 k\u00f6nnt ihr unter dem jeweiligen M\u00e4rchentitel lesen. Die Zeichnungen von <em>Marie Kristin Heinrich <\/em>aus der Klasse 10d zu \"Rotk\u00e4ppchen\" und von Linda T. zu \"Die Stiefelettenkatze\", k\u00f6nnt ihr euch in der Galerie anschauen.<\/p><p>\u00a0<\/p><p>[gallery link=\"file\" ids=\"1559,1560,1561,1562,1563,1564,1565,1566,1558,1774,1775,1776,1777,1778,1779,1780\"]<\/p>","_et_gb_content_width":"","jetpack_post_was_ever_published":false,"footnotes":""},"class_list":["post-1060","page","type-page","status-publish","hentry"],"jetpack_shortlink":"https:\/\/wp.me\/P414Io-h6","jetpack_sharing_enabled":true,"_links":{"self":[{"href":"https:\/\/www.ghs-berlin.de\/index.php?rest_route=\/wp\/v2\/pages\/1060","targetHints":{"allow":["GET"]}}],"collection":[{"href":"https:\/\/www.ghs-berlin.de\/index.php?rest_route=\/wp\/v2\/pages"}],"about":[{"href":"https:\/\/www.ghs-berlin.de\/index.php?rest_route=\/wp\/v2\/types\/page"}],"author":[{"embeddable":true,"href":"https:\/\/www.ghs-berlin.de\/index.php?rest_route=\/wp\/v2\/users\/2"}],"replies":[{"embeddable":true,"href":"https:\/\/www.ghs-berlin.de\/index.php?rest_route=%2Fwp%2Fv2%2Fcomments&post=1060"}],"version-history":[{"count":55,"href":"https:\/\/www.ghs-berlin.de\/index.php?rest_route=\/wp\/v2\/pages\/1060\/revisions"}],"predecessor-version":[{"id":6981,"href":"https:\/\/www.ghs-berlin.de\/index.php?rest_route=\/wp\/v2\/pages\/1060\/revisions\/6981"}],"wp:attachment":[{"href":"https:\/\/www.ghs-berlin.de\/index.php?rest_route=%2Fwp%2Fv2%2Fmedia&parent=1060"}],"curies":[{"name":"wp","href":"https:\/\/api.w.org\/{rel}","templated":true}]}}