{"id":1104,"date":"2013-11-27T13:13:53","date_gmt":"2013-11-27T11:13:53","guid":{"rendered":"https:\/\/www.ghs-berlin.de\/?page_id=1104"},"modified":"2022-05-03T10:35:32","modified_gmt":"2022-05-03T08:35:32","slug":"wpu-und-vera-8","status":"publish","type":"page","link":"https:\/\/www.ghs-berlin.de\/?page_id=1104","title":{"rendered":"Wahlpflichtangebote der Klassenstufe 9 &#038; 10"},"content":{"rendered":"[et_pb_section fb_built=&#8220;1&#8243; _builder_version=&#8220;4.15&#8243; background_image=&#8220;https:\/\/www.ghs-berlin.de\/wp-content\/uploads\/2017\/12\/ghs_schule_full.jpg&#8220; custom_padding=&#8220;||230px|&#8220; global_colors_info=&#8220;{}&#8220;][et_pb_row _builder_version=&#8220;4.15&#8243; background_size=&#8220;initial&#8220; background_position=&#8220;top_left&#8220; background_repeat=&#8220;repeat&#8220; global_colors_info=&#8220;{}&#8220;][et_pb_column type=&#8220;4_4&#8243; _builder_version=&#8220;4.15&#8243; custom_padding=&#8220;|||&#8220; global_colors_info=&#8220;{}&#8220; custom_padding__hover=&#8220;|||&#8220;][\/et_pb_column][\/et_pb_row][\/et_pb_section][et_pb_section fb_built=&#8220;1&#8243; _builder_version=&#8220;4.15&#8243; global_colors_info=&#8220;{}&#8220;][et_pb_row _builder_version=&#8220;4.15&#8243; background_size=&#8220;initial&#8220; background_position=&#8220;top_left&#8220; background_repeat=&#8220;repeat&#8220; global_colors_info=&#8220;{}&#8220;][et_pb_column type=&#8220;4_4&#8243; _builder_version=&#8220;4.15&#8243; custom_padding=&#8220;|||&#8220; global_colors_info=&#8220;{}&#8220; custom_padding__hover=&#8220;|||&#8220;][et_pb_text admin_label=&#8220;Headline |Beitragstitel&#8220; _builder_version=&#8220;4.15&#8243; global_colors_info=&#8220;{}&#8220;]\n<h1 style=\"text-align: center;\">Wahlpflichtangebote der Klassenstufen 9 &amp; 10<\/h1>\n[\/et_pb_text][et_pb_text _builder_version=&#8220;4.15&#8243; z_index_tablet=&#8220;500&#8243; text_text_shadow_horizontal_length_tablet=&#8220;0px&#8220; text_text_shadow_vertical_length_tablet=&#8220;0px&#8220; text_text_shadow_blur_strength_tablet=&#8220;1px&#8220; link_text_shadow_horizontal_length_tablet=&#8220;0px&#8220; link_text_shadow_vertical_length_tablet=&#8220;0px&#8220; link_text_shadow_blur_strength_tablet=&#8220;1px&#8220; ul_text_shadow_horizontal_length_tablet=&#8220;0px&#8220; ul_text_shadow_vertical_length_tablet=&#8220;0px&#8220; ul_text_shadow_blur_strength_tablet=&#8220;1px&#8220; ol_text_shadow_horizontal_length_tablet=&#8220;0px&#8220; ol_text_shadow_vertical_length_tablet=&#8220;0px&#8220; ol_text_shadow_blur_strength_tablet=&#8220;1px&#8220; quote_text_shadow_horizontal_length_tablet=&#8220;0px&#8220; quote_text_shadow_vertical_length_tablet=&#8220;0px&#8220; quote_text_shadow_blur_strength_tablet=&#8220;1px&#8220; header_text_shadow_horizontal_length_tablet=&#8220;0px&#8220; header_text_shadow_vertical_length_tablet=&#8220;0px&#8220; header_text_shadow_blur_strength_tablet=&#8220;1px&#8220; header_2_text_shadow_horizontal_length_tablet=&#8220;0px&#8220; header_2_text_shadow_vertical_length_tablet=&#8220;0px&#8220; header_2_text_shadow_blur_strength_tablet=&#8220;1px&#8220; header_3_text_shadow_horizontal_length_tablet=&#8220;0px&#8220; header_3_text_shadow_vertical_length_tablet=&#8220;0px&#8220; header_3_text_shadow_blur_strength_tablet=&#8220;1px&#8220; header_4_text_shadow_horizontal_length_tablet=&#8220;0px&#8220; header_4_text_shadow_vertical_length_tablet=&#8220;0px&#8220; header_4_text_shadow_blur_strength_tablet=&#8220;1px&#8220; header_5_text_shadow_horizontal_length_tablet=&#8220;0px&#8220; header_5_text_shadow_vertical_length_tablet=&#8220;0px&#8220; header_5_text_shadow_blur_strength_tablet=&#8220;1px&#8220; header_6_text_shadow_horizontal_length_tablet=&#8220;0px&#8220; header_6_text_shadow_vertical_length_tablet=&#8220;0px&#8220; header_6_text_shadow_blur_strength_tablet=&#8220;1px&#8220; box_shadow_horizontal_tablet=&#8220;0px&#8220; box_shadow_vertical_tablet=&#8220;0px&#8220; box_shadow_blur_tablet=&#8220;40px&#8220; box_shadow_spread_tablet=&#8220;0px&#8220; global_colors_info=&#8220;{}&#8220;]\n<p style=\"text-align: justify;\">Damit euch die Entscheidung f\u00fcr die Wahlpflichkurse in der Klassenstufe 9 und 10 nicht so schwer f\u00e4llt, k\u00f6nnt ihr euch hier mit Hilfe der Kurssteckbriefe \u00fcber die Voraussetzungen und Inhalte unseres aktuellen Wahlpflichtangebotes informieren.<\/p>\n[\/et_pb_text][\/et_pb_column][\/et_pb_row][et_pb_row _builder_version=&#8220;4.15&#8243; global_colors_info=&#8220;{}&#8220;][et_pb_column type=&#8220;4_4&#8243; _builder_version=&#8220;4.15&#8243; global_colors_info=&#8220;{}&#8220;][et_pb_button button_url=&#8220;https:\/\/www.ghs-berlin.de\/wp-content\/uploads\/2020\/02\/Wahlpflichtangebot-9_10-Gesamt\u00fcbersicht.pdf&#8220; url_new_window=&#8220;on&#8220; button_text=&#8220;Allgemeine Informationen&#8220; button_alignment=&#8220;center&#8220; admin_label=&#8220;\u00dcbersicht WPU&#8220; _builder_version=&#8220;4.3.2&#8243; box_shadow_style=&#8220;preset3&#8243; global_colors_info=&#8220;{}&#8220;][\/et_pb_button][\/et_pb_column][\/et_pb_row][et_pb_row column_structure=&#8220;1_3,1_3,1_3&#8243; _builder_version=&#8220;4.15&#8243; global_colors_info=&#8220;{}&#8220;][et_pb_column type=&#8220;1_3&#8243; _builder_version=&#8220;4.15&#8243; global_colors_info=&#8220;{}&#8220;][et_pb_button button_url=&#8220;https:\/\/www.ghs-berlin.de\/wp-content\/uploads\/2019\/11\/Steckbrief-WPU-Biologie.pdf&#8220; url_new_window=&#8220;on&#8220; button_text=&#8220;Biologie\/Chemie&#8220; button_alignment=&#8220;center&#8220; admin_label=&#8220;Biologie\/Chemie&#8220; _builder_version=&#8220;4.0.9&#8243; box_shadow_style=&#8220;preset3&#8243; global_colors_info=&#8220;{}&#8220;][\/et_pb_button][et_pb_button button_url=&#8220;https:\/\/www.ghs-berlin.de\/wp-content\/uploads\/2020\/02\/Steckbrief_WPU_Deutsch_Medien.pdf&#8220; url_new_window=&#8220;on&#8220; button_text=&#8220;Deutsch\/Medien&#8220; button_alignment=&#8220;center&#8220; admin_label=&#8220;Deutsch\/Medien&#8220; _builder_version=&#8220;4.2.2&#8243; box_shadow_style=&#8220;preset3&#8243; global_colors_info=&#8220;{}&#8220;][\/et_pb_button][et_pb_button url_new_window=&#8220;on&#8220; button_text=&#8220;GeWi&#8220; button_alignment=&#8220;center&#8220; admin_label=&#8220;GeWi&#8220; _builder_version=&#8220;4.15.1&#8243; hover_enabled=&#8220;0&#8243; box_shadow_style=&#8220;preset3&#8243; global_colors_info=&#8220;{}&#8220; sticky_enabled=&#8220;0&#8243;][\/et_pb_button][et_pb_button button_url=&#8220;https:\/\/www.ghs-berlin.de\/wp-content\/uploads\/2019\/11\/Steckbrief-WPU-Musik-2019.pdf&#8220; url_new_window=&#8220;on&#8220; button_text=&#8220;Musik&#8220; button_alignment=&#8220;center&#8220; admin_label=&#8220;Musik&#8220; _builder_version=&#8220;4.0.9&#8243; box_shadow_style=&#8220;preset3&#8243; global_colors_info=&#8220;{}&#8220;][\/et_pb_button][et_pb_button button_url=&#8220;https:\/\/www.ghs-berlin.de\/wp-content\/uploads\/2019\/11\/Steckbrief-WPU-Kunst.pdf&#8220; url_new_window=&#8220;on&#8220; button_text=&#8220;Kunst&#8220; button_alignment=&#8220;center&#8220; admin_label=&#8220;Kunst&#8220; _builder_version=&#8220;4.0.9&#8243; box_shadow_style=&#8220;preset3&#8243; global_colors_info=&#8220;{}&#8220;][\/et_pb_button][\/et_pb_column][et_pb_column type=&#8220;1_3&#8243; _builder_version=&#8220;4.15&#8243; global_colors_info=&#8220;{}&#8220;][et_pb_button button_url=&#8220;https:\/\/www.ghs-berlin.de\/wp-content\/uploads\/2019\/11\/Steckbrief-WPU-Sport-Biologie.pdf&#8220; url_new_window=&#8220;on&#8220; button_text=&#8220;Sport\/Biologie&#8220; button_alignment=&#8220;center&#8220; admin_label=&#8220;Sport\/Biologie&#8220; _builder_version=&#8220;4.0.9&#8243; box_shadow_style=&#8220;preset3&#8243; global_colors_info=&#8220;{}&#8220;][\/et_pb_button][et_pb_button button_url=&#8220;https:\/\/www.ghs-berlin.de\/wp-content\/uploads\/2019\/11\/Steckbrief-WPU-Informatik.pdf&#8220; url_new_window=&#8220;on&#8220; button_text=&#8220;Informatik&#8220; button_alignment=&#8220;center&#8220; admin_label=&#8220;Informatik&#8220; _builder_version=&#8220;4.0.9&#8243; box_shadow_style=&#8220;preset3&#8243; global_colors_info=&#8220;{}&#8220;][\/et_pb_button][et_pb_button url_new_window=&#8220;on&#8220; button_text=&#8220;Physik&#8220; button_alignment=&#8220;center&#8220; admin_label=&#8220;Physik&#8220; _builder_version=&#8220;4.15.1&#8243; hover_enabled=&#8220;0&#8243; box_shadow_style=&#8220;preset3&#8243; global_colors_info=&#8220;{}&#8220; sticky_enabled=&#8220;0&#8243;][\/et_pb_button][et_pb_button button_url=&#8220;https:\/\/www.ghs-berlin.de\/wp-content\/uploads\/2019\/11\/Steckbrief-WPU-Latein.pdf&#8220; url_new_window=&#8220;on&#8220; button_text=&#8220;Latein&#8220; button_alignment=&#8220;center&#8220; admin_label=&#8220;Latein&#8220; _builder_version=&#8220;4.0.9&#8243; box_shadow_style=&#8220;preset3&#8243; global_colors_info=&#8220;{}&#8220;][\/et_pb_button][\/et_pb_column][et_pb_column type=&#8220;1_3&#8243; _builder_version=&#8220;4.15&#8243; global_colors_info=&#8220;{}&#8220;][et_pb_button button_url=&#8220;https:\/\/www.ghs-berlin.de\/wp-content\/uploads\/2019\/11\/Steckbrief-WPU-Mathe_Kunst.pdf&#8220; url_new_window=&#8220;on&#8220; button_text=&#8220;Mathe\/Kunst&#8220; button_alignment=&#8220;center&#8220; admin_label=&#8220;Mathe\/Kunst&#8220; _builder_version=&#8220;4.0.9&#8243; box_shadow_style=&#8220;preset3&#8243; global_colors_info=&#8220;{}&#8220;][\/et_pb_button][et_pb_button button_url=&#8220;https:\/\/www.ghs-berlin.de\/wp-content\/uploads\/2019\/11\/Steckbrief-WPU-Franz\u00f6sisch.pdf&#8220; url_new_window=&#8220;on&#8220; button_text=&#8220;Franz\u00f6sisch&#8220; button_alignment=&#8220;center&#8220; admin_label=&#8220;Franz\u00f6sisch&#8220; _builder_version=&#8220;4.0.9&#8243; box_shadow_style=&#8220;preset3&#8243; global_colors_info=&#8220;{}&#8220;][\/et_pb_button][et_pb_button button_url=&#8220;https:\/\/www.ghs-berlin.de\/wp-content\/uploads\/2019\/11\/Steckbrief-WPU-Geografie.pdf&#8220; url_new_window=&#8220;on&#8220; button_text=&#8220;Geografie&#8220; button_alignment=&#8220;center&#8220; admin_label=&#8220;Geografie&#8220; _builder_version=&#8220;4.0.9&#8243; box_shadow_style=&#8220;preset3&#8243; global_colors_info=&#8220;{}&#8220;][\/et_pb_button][et_pb_button button_url=&#8220;https:\/\/www.ghs-berlin.de\/wp-content\/uploads\/2019\/12\/Steckbrief-WPU-Theater-10.pdf&#8220; url_new_window=&#8220;on&#8220; button_text=&#8220;Theater&#8220; button_alignment=&#8220;center&#8220; admin_label=&#8220;Theater&#8220; _builder_version=&#8220;4.0.9&#8243; box_shadow_style=&#8220;preset3&#8243; global_colors_info=&#8220;{}&#8220;][\/et_pb_button][\/et_pb_column][\/et_pb_row][\/et_pb_section]\n","protected":false},"excerpt":{"rendered":"<p>Wahlpflichtangebote der Klassenstufen 9 &amp; 10Damit euch die Entscheidung f\u00fcr die Wahlpflichkurse in der Klassenstufe 9 und 10 nicht so schwer f\u00e4llt, k\u00f6nnt ihr euch hier mit Hilfe der Kurssteckbriefe \u00fcber die Voraussetzungen und Inhalte unseres aktuellen Wahlpflichtangebotes informieren.<\/p>\n","protected":false},"author":2,"featured_media":0,"parent":0,"menu_order":0,"comment_status":"closed","ping_status":"open","template":"","meta":{"_et_pb_use_builder":"on","_et_pb_old_content":"<p style=\"text-align: center;\">Dieser Bereich wird gerade aktualisiert!!!<\/p>","_et_gb_content_width":"","footnotes":""},"class_list":["post-1104","page","type-page","status-publish","hentry"],"jetpack_shortlink":"https:\/\/wp.me\/P414Io-hO","jetpack_sharing_enabled":true,"_links":{"self":[{"href":"https:\/\/www.ghs-berlin.de\/index.php?rest_route=\/wp\/v2\/pages\/1104","targetHints":{"allow":["GET"]}}],"collection":[{"href":"https:\/\/www.ghs-berlin.de\/index.php?rest_route=\/wp\/v2\/pages"}],"about":[{"href":"https:\/\/www.ghs-berlin.de\/index.php?rest_route=\/wp\/v2\/types\/page"}],"author":[{"embeddable":true,"href":"https:\/\/www.ghs-berlin.de\/index.php?rest_route=\/wp\/v2\/users\/2"}],"replies":[{"embeddable":true,"href":"https:\/\/www.ghs-berlin.de\/index.php?rest_route=%2Fwp%2Fv2%2Fcomments&post=1104"}],"version-history":[{"count":30,"href":"https:\/\/www.ghs-berlin.de\/index.php?rest_route=\/wp\/v2\/pages\/1104\/revisions"}],"predecessor-version":[{"id":11758,"href":"https:\/\/www.ghs-berlin.de\/index.php?rest_route=\/wp\/v2\/pages\/1104\/revisions\/11758"}],"wp:attachment":[{"href":"https:\/\/www.ghs-berlin.de\/index.php?rest_route=%2Fwp%2Fv2%2Fmedia&parent=1104"}],"curies":[{"name":"wp","href":"https:\/\/api.w.org\/{rel}","templated":true}]}}