{"id":4937,"date":"2016-09-09T13:06:02","date_gmt":"2016-09-09T11:06:02","guid":{"rendered":"https:\/\/www.ghs-berlin.de\/?page_id=4937"},"modified":"2020-08-06T18:19:05","modified_gmt":"2020-08-06T16:19:05","slug":"hausaufgabenkonzept","status":"publish","type":"page","link":"https:\/\/www.ghs-berlin.de\/?page_id=4937","title":{"rendered":"Hausaufgabenkonzept"},"content":{"rendered":"[et_pb_section fb_built=&#8220;1&#8243; _builder_version=&#8220;3.22&#8243; background_image=&#8220;https:\/\/www.ghs-berlin.de\/wp-content\/uploads\/2017\/12\/ghs_schule_full.jpg&#8220; custom_padding=&#8220;||230px|&#8220;][et_pb_row _builder_version=&#8220;3.25&#8243;][et_pb_column type=&#8220;4_4&#8243; _builder_version=&#8220;3.25&#8243; custom_padding=&#8220;|||&#8220; custom_padding__hover=&#8220;|||&#8220;][\/et_pb_column][\/et_pb_row][\/et_pb_section][et_pb_section fb_built=&#8220;1&#8243; _builder_version=&#8220;3.22&#8243;][et_pb_row _builder_version=&#8220;3.25&#8243; background_size=&#8220;initial&#8220; background_position=&#8220;top_left&#8220; background_repeat=&#8220;repeat&#8220;][et_pb_column type=&#8220;4_4&#8243; _builder_version=&#8220;3.25&#8243; custom_padding=&#8220;|||&#8220; custom_padding__hover=&#8220;|||&#8220;][et_pb_text admin_label=&#8220;Headline |Beitragstitel&#8220; _builder_version=&#8220;4.4.8&#8243; hover_enabled=&#8220;0&#8243;]\n<div class=\"et_pb_module et_pb_text et_pb_text_0 et_pb_bg_layout_light et_pb_text_align_left\">\n<div class=\"et_pb_text_inner\">\n<h1 style=\"text-align: center;\">Hausaufgabenkonzept<\/h1>\n<p style=\"text-align: center;\">(Durch die Schulkonferenz im Mai 2020 beschlossen.)<\/p>\n<\/div>\n<\/div>\n[\/et_pb_text][et_pb_button button_url=&#8220;https:\/\/www.ghs-berlin.de\/wp-content\/uploads\/2020\/08\/HA-Konzept-Mai-2020.pdf&#8220; url_new_window=&#8220;on&#8220; button_text=&#8220;Download&#8220; button_alignment=&#8220;center&#8220; admin_label=&#8220;Download&#8220; _builder_version=&#8220;4.4.8&#8243; hover_enabled=&#8220;0&#8243; box_shadow_style=&#8220;preset3&#8243; button_text_size__hover_enabled=&#8220;off&#8220; button_one_text_size__hover_enabled=&#8220;off&#8220; button_two_text_size__hover_enabled=&#8220;off&#8220; button_text_color__hover_enabled=&#8220;off&#8220; button_one_text_color__hover_enabled=&#8220;off&#8220; button_two_text_color__hover_enabled=&#8220;off&#8220; button_border_width__hover_enabled=&#8220;off&#8220; button_one_border_width__hover_enabled=&#8220;off&#8220; button_two_border_width__hover_enabled=&#8220;off&#8220; button_border_color__hover_enabled=&#8220;off&#8220; button_one_border_color__hover_enabled=&#8220;off&#8220; button_two_border_color__hover_enabled=&#8220;off&#8220; button_border_radius__hover_enabled=&#8220;off&#8220; button_one_border_radius__hover_enabled=&#8220;off&#8220; button_two_border_radius__hover_enabled=&#8220;off&#8220; button_letter_spacing__hover_enabled=&#8220;off&#8220; button_one_letter_spacing__hover_enabled=&#8220;off&#8220; button_two_letter_spacing__hover_enabled=&#8220;off&#8220; button_bg_color__hover_enabled=&#8220;off&#8220; button_one_bg_color__hover_enabled=&#8220;off&#8220; button_two_bg_color__hover_enabled=&#8220;off&#8220;][\/et_pb_button][\/et_pb_column][\/et_pb_row][\/et_pb_section]\n","protected":false},"excerpt":{"rendered":"<p>Hausaufgabenkonzept (Durch die Schulkonferenz im Mai 2020 beschlossen.)<\/p>\n","protected":false},"author":2,"featured_media":0,"parent":0,"menu_order":0,"comment_status":"closed","ping_status":"closed","template":"","meta":{"_et_pb_use_builder":"on","_et_pb_old_content":"<p style=\"text-align: center;\">[symple_button color=\"green\" url=\"https:\/\/www.ghs-berlin.de\/wp-content\/uploads\/2016\/09\/HA-Konzept-Endfassung.pdf\" title=\"Download: Hausaufgabenkonzept\" target=\"blank\" border_radius=\"\"]GHS-Hausaufgabenkonzept[\/symple_button]<\/p><p style=\"text-align: center;\">Durch die Schulkonferenz am 29.06.2016 beschlossen - zun\u00e4chst g\u00fcltig f\u00fcr die Schuljahre 2016\/17 und 2017\/18.<\/p><p style=\"text-align: center;\">\u00a0<\/p>","_et_gb_content_width":"","jetpack_post_was_ever_published":false,"footnotes":""},"class_list":["post-4937","page","type-page","status-publish","hentry"],"jetpack_shortlink":"https:\/\/wp.me\/P414Io-1hD","jetpack_sharing_enabled":true,"_links":{"self":[{"href":"https:\/\/www.ghs-berlin.de\/index.php?rest_route=\/wp\/v2\/pages\/4937","targetHints":{"allow":["GET"]}}],"collection":[{"href":"https:\/\/www.ghs-berlin.de\/index.php?rest_route=\/wp\/v2\/pages"}],"about":[{"href":"https:\/\/www.ghs-berlin.de\/index.php?rest_route=\/wp\/v2\/types\/page"}],"author":[{"embeddable":true,"href":"https:\/\/www.ghs-berlin.de\/index.php?rest_route=\/wp\/v2\/users\/2"}],"replies":[{"embeddable":true,"href":"https:\/\/www.ghs-berlin.de\/index.php?rest_route=%2Fwp%2Fv2%2Fcomments&post=4937"}],"version-history":[{"count":10,"href":"https:\/\/www.ghs-berlin.de\/index.php?rest_route=\/wp\/v2\/pages\/4937\/revisions"}],"predecessor-version":[{"id":9951,"href":"https:\/\/www.ghs-berlin.de\/index.php?rest_route=\/wp\/v2\/pages\/4937\/revisions\/9951"}],"wp:attachment":[{"href":"https:\/\/www.ghs-berlin.de\/index.php?rest_route=%2Fwp%2Fv2%2Fmedia&parent=4937"}],"curies":[{"name":"wp","href":"https:\/\/api.w.org\/{rel}","templated":true}]}}