{"id":549,"date":"2013-10-04T09:10:10","date_gmt":"2013-10-04T07:10:10","guid":{"rendered":"https:\/\/www.ghs-berlin.de\/?page_id=549"},"modified":"2021-08-29T11:11:02","modified_gmt":"2021-08-29T09:11:02","slug":"berufsberatung","status":"publish","type":"page","link":"https:\/\/www.ghs-berlin.de\/?page_id=549","title":{"rendered":"Berufsberatung"},"content":{"rendered":"[et_pb_section fb_built=&#8220;1&#8243; _builder_version=&#8220;4.6.5&#8243; background_enable_image=&#8220;off&#8220;][et_pb_row _builder_version=&#8220;4.6.5&#8243; _module_preset=&#8220;default&#8220;][et_pb_column type=&#8220;4_4&#8243; _builder_version=&#8220;4.6.5&#8243; _module_preset=&#8220;default&#8220;][et_pb_code _builder_version=&#8220;4.6.5&#8243; _module_preset=&#8220;default&#8220;]<a href=\"https:\/\/www.arbeitsagentur.de\/vor-ort\/berlin-sued\/gerhart-hauptmann-gymnasium?pk_campaign=schulwebsite\" title=\"Die Bundesagentur f\u00fcr Arbeit informiert und ber\u00e4t zu allen Fragen rund um die Themen Berufsausbildung und Studium an dieser Schule. Weitere Informationen dazu im Portal der Bundesagentur f\u00fcr Arbeit.\"><img decoding=\"async\" src=\"https:\/\/www.arbeitsagentur.de\/vor-ort\/berlin-sued\/media\/l\/schul-bild-banner\" alt=\"Die Bundesagentur f\u00fcr Arbeit informiert und ber\u00e4t zu allen Fragen rund um die Themen Berufsausbildung und Studium an dieser Schule. Weitere Informationen dazu im Portal der Bundesagentur f\u00fcr Arbeit.\" width=\"100%\" height=\"auto\"><\/a>[\/et_pb_code][\/et_pb_column][\/et_pb_row][et_pb_row _builder_version=&#8220;4.6.5&#8243; _module_preset=&#8220;default&#8220;][et_pb_column _builder_version=&#8220;4.6.5&#8243; _module_preset=&#8220;default&#8220; type=&#8220;4_4&#8243;][et_pb_button _builder_version=&#8220;4.6.5&#8243; _module_preset=&#8220;default&#8220; button_text=&#8220;Konzept zur Berufs- und Studienorientierung&#8220; button_url=&#8220;https:\/\/www.ghs-berlin.de\/wp-content\/uploads\/2021\/08\/BSO-Konzept-ueberarbeitet-2021.pdf&#8220; url_new_window=&#8220;on&#8220; button_alignment=&#8220;center&#8220; box_shadow_style=&#8220;preset3&#8243; hover_enabled=&#8220;0&#8243; sticky_enabled=&#8220;0&#8243;][\/et_pb_button][\/et_pb_column][\/et_pb_row][\/et_pb_section]\n","protected":false},"excerpt":{"rendered":"","protected":false},"author":1,"featured_media":0,"parent":0,"menu_order":0,"comment_status":"closed","ping_status":"open","template":"","meta":{"_et_pb_use_builder":"on","_et_pb_old_content":"<p><strong>Schulsprechstunde zur Berufsberatung und Studienorientierung:<\/strong><\/p><p>Die n\u00e4chste Schulsprechstunde findet <strong>am Dienstag, 19.12.2017,<\/strong> in der Zeit von 11:00 Uhr bis 15:00 Uhr in der Villa, Raum 01, statt (jeweils eine halbe Stunde, Einzelsprechstunde). Anmeldungen sind ab sofort bei Herrn Schwarz im Raum 107 m\u00f6glich.<\/p><p>\u00a0<\/p><p style=\"text-align: center;\"><a href=\"https:\/\/www.ghs-berlin.de\/wp-content\/uploads\/2013\/10\/Konzept_BSO.pdf\">Konzept zur Berufs- und Studienorientierung der GHS (durch die Schulkonferenz am 29.06.2016 beschlossen)<\/a><\/p><hr \/><p>\u00a0<\/p><p style=\"text-align: left;\">Die Berufsberaterin f\u00fcr Abiturienten an unserer Schule ist Frau Susanne Dralle-Devcic .<\/p><p style=\"text-align: left;\"><span style=\"text-decoration: underline;\">Telefonnummer:<\/span>\u00a0\u00a0\u00a0\u00a0\u00a0\u00a0\u00a0\u00a0\u00a0\u00a0\u00a0\u00a0\u00a0\u00a0 030\/5555782337 oder \u00fcber das Servicetelefon unter 08004555500<\/p><p style=\"text-align: left;\"><span style=\"text-decoration: underline;\">E- Mail: <\/span>\u00a0\u00a0\u00a0\u00a0\u00a0\u00a0\u00a0\u00a0\u00a0\u00a0\u00a0\u00a0\u00a0\u00a0\u00a0\u00a0\u00a0\u00a0\u00a0\u00a0\u00a0\u00a0\u00a0\u00a0\u00a0\u00a0\u00a0\u00a0susanne.dralle-devcic@arbeitsagentur.de\u00a0\u00a0<em><span style=\"text-decoration: underline;\">oder<\/span>\u00a0 <\/em>Treptow-Koepenick.454-U25@arbeitsagentur.de<\/p><p style=\"text-align: left;\"><span style=\"text-decoration: underline;\">Schulsprechstunde:<\/span>\u00a0\u00a0\u00a0\u00a0\u00a0\u00a0\u00a0\u00a0\u00a0 regelm\u00e4\u00dfig nach Vereinbarung<span style=\"text-decoration: underline;\"><br \/> <\/span><\/p><p>\u00a0<\/p><p style=\"text-align: left;\"><strong><em>Wie bekomme ich einen Termin bei der Berufsberatung?<\/em><\/strong><\/p><p style=\"text-align: left;\"><span style=\"text-decoration: underline;\">Telefonisch:<\/span>\u00a0\u00a0\u00a0\u00a0\u00a0\u00a0\u00a0\u00a0\u00a0\u00a0\u00a0\u00a0\u00a0\u00a0\u00a0\u00a0\u00a0\u00a0\u00a0\u00a0\u00a0\u00a0030 555578 2336\u00a0 \u00a0 (*<i>Der Anruf ist f\u00fcr Sie kostenfrei.)<\/i><\/p><p style=\"text-align: left;\"><a href=\"http:\/\/www.arbeitsagentur.de\/web\/content\/DE\/dienststellen\/rdbb\/berlinsued\/Agentur\/BuergerinnenundBuerger\/index.htm\">Pers\u00f6nlich - Agentur f\u00fcr Arbeit in ihrer N\u00e4he<\/a><\/p><p style=\"text-align: left;\"><a href=\"http:\/\/www.arbeitsagentur.de\/web\/content\/DE\/BuergerinnenUndBuerger\/Detail\/index.htm?dfContentId=L6019022DSTBAI521251\">Online - Anmeldebogen<\/a><\/p><p>\u00a0<\/p><p style=\"text-align: left;\"><em><strong>Welche Angebote kann ich selbst nutzen?<\/strong><\/em><\/p><p>Zum einen finden Sie viele Angebote im Internet, die Ihnen weiterhelfen k\u00f6nnen:<\/p><ul><li>Informationen zu \u00fcber 3100 Berufen - <a href=\"http:\/\/berufenet.arbeitsagentur.de\/berufe\/\">BERUFENET <\/a><\/li><li>\u00fcber 140 Filme zu Ausbildungs- und Studienberufen - <a href=\"http:\/\/www.berufe.tv\/BA\/\">BERUFE.TV<\/a><\/li><li>das Jobportal mit gro\u00dfem Lehrstellenangebot - <a href=\"http:\/\/jobboerse.arbeitsagentur.de\/\">JOBB\u00d6RSE<\/a><\/li><li>das Portal f\u00fcr berufliche Aus- und Weiterbildung - <a href=\"http:\/\/kursnet-finden.arbeitsagentur.de\/kurs\/\">KURSNET<\/a><\/li><li>au\u00dferdem <a href=\"http:\/\/www.abi.de\/index.htm\">- abi.de -<\/a> und<a href=\"http:\/\/www.studienwahl.de\/index.htm\"> - studienwahl.de -<\/a><\/li><\/ul><p>\u00a0<\/p><p>Desweiteren stehen Ihnen im Berufsinformationszentrum (BiZ) der Agentur f\u00fcr Arbeit noch weitere Informationsmedien zur Verf\u00fcgung:<\/p><ul><li>Veranstaltungen im <a href=\"http:\/\/www.arbeitsagentur.de\/web\/content\/DE\/dienststellen\/rdbb\/berlinsued\/Agentur\/BuergerinnenundBuerger\/Berufsinformationszentrum\/index.htm\">BiZ<\/a> und <a href=\"http:\/\/www.arbeitsagentur.de\/apps\/faces\/home\/vdb;jsessionid=jVSfQcEx8LTY5-AYk5keYFzPIKpe3z0fuwhyGIx1An65YRa5HGiY!-1586867677?_afrWindowId=null&_afrLoop=965949775025369&ba.l=de&_afrWindowMode=0&_adf.ctrl-state=cj8sr79hu_4#%40%3F_afrWindowId%3Dnull%26_afrLoop%3D965949775025369%26ba.l%3Dde%26_afrWindowMode%3D0%26_adf.ctrl-state%3Ddse01sstn_4\">in der Region<\/a><\/li><li><a href=\"https:\/\/www.ghs-berlin.de\/wp-content\/uploads\/2013\/10\/nbb020616.pdf\">Newsletter zur Berufs- und Studienberatung Juni 2016<\/a><\/li><li>Informationsmappen<\/li><li>B\u00fccher, Filme,Zeitschriften und Magazine<\/li><\/ul>","_et_gb_content_width":"","jetpack_post_was_ever_published":false,"footnotes":""},"class_list":["post-549","page","type-page","status-publish","hentry"],"jetpack_shortlink":"https:\/\/wp.me\/P414Io-8R","jetpack_sharing_enabled":true,"_links":{"self":[{"href":"https:\/\/www.ghs-berlin.de\/index.php?rest_route=\/wp\/v2\/pages\/549","targetHints":{"allow":["GET"]}}],"collection":[{"href":"https:\/\/www.ghs-berlin.de\/index.php?rest_route=\/wp\/v2\/pages"}],"about":[{"href":"https:\/\/www.ghs-berlin.de\/index.php?rest_route=\/wp\/v2\/types\/page"}],"author":[{"embeddable":true,"href":"https:\/\/www.ghs-berlin.de\/index.php?rest_route=\/wp\/v2\/users\/1"}],"replies":[{"embeddable":true,"href":"https:\/\/www.ghs-berlin.de\/index.php?rest_route=%2Fwp%2Fv2%2Fcomments&post=549"}],"version-history":[{"count":111,"href":"https:\/\/www.ghs-berlin.de\/index.php?rest_route=\/wp\/v2\/pages\/549\/revisions"}],"predecessor-version":[{"id":11011,"href":"https:\/\/www.ghs-berlin.de\/index.php?rest_route=\/wp\/v2\/pages\/549\/revisions\/11011"}],"wp:attachment":[{"href":"https:\/\/www.ghs-berlin.de\/index.php?rest_route=%2Fwp%2Fv2%2Fmedia&parent=549"}],"curies":[{"name":"wp","href":"https:\/\/api.w.org\/{rel}","templated":true}]}}