{"id":6884,"date":"2017-12-17T14:32:14","date_gmt":"2017-12-17T12:32:14","guid":{"rendered":"https:\/\/www.ghs-berlin.de\/?page_id=6884"},"modified":"2020-02-28T18:03:12","modified_gmt":"2020-02-28T16:03:12","slug":"schulfoerderverein","status":"publish","type":"page","link":"https:\/\/www.ghs-berlin.de\/?page_id=6884","title":{"rendered":"Schulf\u00f6rderverein"},"content":{"rendered":"[et_pb_section fb_built=&#8220;1&#8243; admin_label=&#8220;header&#8220; _builder_version=&#8220;3.22&#8243; background_image=&#8220;https:\/\/www.ghs-berlin.de\/wp-content\/uploads\/2017\/12\/CIMG2209-1.jpg&#8220; custom_padding=&#8220;||300px|&#8220;][et_pb_row _builder_version=&#8220;3.25&#8243; background_size=&#8220;initial&#8220; background_position=&#8220;top_left&#8220; background_repeat=&#8220;repeat&#8220;][et_pb_column type=&#8220;4_4&#8243; _builder_version=&#8220;3.25&#8243; custom_padding=&#8220;|||&#8220; custom_padding__hover=&#8220;|||&#8220;][\/et_pb_column][\/et_pb_row][\/et_pb_section][et_pb_section fb_built=&#8220;1&#8243; _builder_version=&#8220;3.22&#8243;][et_pb_row _builder_version=&#8220;3.25&#8243; background_size=&#8220;initial&#8220; background_position=&#8220;top_left&#8220; background_repeat=&#8220;repeat&#8220;][et_pb_column type=&#8220;4_4&#8243; _builder_version=&#8220;3.25&#8243; custom_padding=&#8220;|||&#8220; custom_padding__hover=&#8220;|||&#8220;][et_pb_text _builder_version=&#8220;3.27.4&#8243;]\n<h1 style=\"text-align: center;\">Freunde des Gerhart-Hauptmann-Gymnasiums Berlin<\/h1>\n<h1 style=\"text-align: center;\">GHS-F\u00f6rderverein e.V.<\/h1>\n[\/et_pb_text][\/et_pb_column][\/et_pb_row][et_pb_row _builder_version=&#8220;3.25&#8243; background_size=&#8220;initial&#8220; background_position=&#8220;top_left&#8220; background_repeat=&#8220;repeat&#8220;][et_pb_column type=&#8220;4_4&#8243; _builder_version=&#8220;3.25&#8243; custom_padding=&#8220;|||&#8220; custom_padding__hover=&#8220;|||&#8220;][et_pb_text _builder_version=&#8220;4.2.2&#8243;]\n<p style=\"text-align: center;\">Es wird viel \u00fcber Bildung diskutiert, durch den Schulf\u00f6rderverein wird etwas getan!<\/p>\n<p style=\"text-align: center;\">\u00a0 Und so helfen Sie mit: Entweder als <strong>MITGLIED<\/strong> oder mit einer <strong>SPENDE<\/strong> auf unser Vereinskonto!<\/p>\n<p style=\"text-align: center;\">Kontoinhaber: GHS \u2013 F\u00f6rderverein e.V. Kreditinstitut: Deutsche Skatbank IBAN:\u00a0 DE25 8306 5408 0004 0110 31 BIC:\u00a0 GENODEF1SLR<\/p>\n<p style=\"text-align: center;\">Kontakt: <strong>foerderverein@ghs-berlin.de<\/strong><\/p>\n[\/et_pb_text][et_pb_text _builder_version=&#8220;4.2.2&#8243;]\n<p><!-- Anfang Bildungsspender --><br \/><a href=\"https:\/\/bildungsspender.de\/donation.php?org_id=212587003\" target=\"_blank\" rel=\"noopener noreferrer\"><br \/><img loading=\"lazy\" decoding=\"async\" class=\"aligncenter\" title=\"Jetzt spenden\" src=\"https:\/\/www.bildungsspender.org\/extern\/images\/spenden_zahlungsmittel_gr.png\" alt=\"Jetzt spenden\" width=\"180\" height=\"116\" border=\"0\" \/><\/a><br \/><!-- Ende Bildungsspender -->\u00a0<\/p>\n[\/et_pb_text][\/et_pb_column][\/et_pb_row][et_pb_row column_structure=&#8220;1_3,1_3,1_3&#8243; _builder_version=&#8220;3.25&#8243; background_size=&#8220;initial&#8220; background_position=&#8220;top_left&#8220; background_repeat=&#8220;repeat&#8220;][et_pb_column type=&#8220;1_3&#8243; _builder_version=&#8220;3.25&#8243; custom_padding=&#8220;|||&#8220; custom_padding__hover=&#8220;|||&#8220;][et_pb_button button_url=&#8220;https:\/\/www.ghs-berlin.de\/wp-content\/uploads\/2020\/02\/2020-02-17-Aufnahmeantrag_formular.pdf&#8220; url_new_window=&#8220;on&#8220; button_text=&#8220;Aufnahmeantrag&#8220; button_alignment=&#8220;center&#8220; _builder_version=&#8220;4.3.2&#8243; hover_enabled=&#8220;0&#8243; box_shadow_style=&#8220;preset1&#8243; button_text_size__hover_enabled=&#8220;off&#8220; button_one_text_size__hover_enabled=&#8220;off&#8220; button_two_text_size__hover_enabled=&#8220;off&#8220; button_text_color__hover_enabled=&#8220;off&#8220; button_one_text_color__hover_enabled=&#8220;off&#8220; button_two_text_color__hover_enabled=&#8220;off&#8220; button_border_width__hover_enabled=&#8220;off&#8220; button_one_border_width__hover_enabled=&#8220;off&#8220; button_two_border_width__hover_enabled=&#8220;off&#8220; button_border_color__hover_enabled=&#8220;off&#8220; button_one_border_color__hover_enabled=&#8220;off&#8220; button_two_border_color__hover_enabled=&#8220;off&#8220; button_border_radius__hover_enabled=&#8220;off&#8220; button_one_border_radius__hover_enabled=&#8220;off&#8220; button_two_border_radius__hover_enabled=&#8220;off&#8220; button_letter_spacing__hover_enabled=&#8220;off&#8220; button_one_letter_spacing__hover_enabled=&#8220;off&#8220; button_two_letter_spacing__hover_enabled=&#8220;off&#8220; button_bg_color__hover_enabled=&#8220;off&#8220; button_one_bg_color__hover_enabled=&#8220;off&#8220; button_two_bg_color__hover_enabled=&#8220;off&#8220; admin_label=&#8220;Aufnahmeantrag&#8220;][\/et_pb_button][\/et_pb_column][et_pb_column type=&#8220;1_3&#8243; _builder_version=&#8220;3.25&#8243; custom_padding=&#8220;|||&#8220; custom_padding__hover=&#8220;|||&#8220;][et_pb_button button_url=&#8220;https:\/\/www.ghs-berlin.de\/wp-content\/uploads\/2017\/12\/Neue-Satzung-SVF.pdf&#8220; url_new_window=&#8220;on&#8220; button_text=&#8220;Satzung&#8220; button_alignment=&#8220;center&#8220; _builder_version=&#8220;4.3.2&#8243; hover_enabled=&#8220;0&#8243; box_shadow_style=&#8220;preset1&#8243; button_text_size__hover_enabled=&#8220;off&#8220; button_one_text_size__hover_enabled=&#8220;off&#8220; button_two_text_size__hover_enabled=&#8220;off&#8220; button_text_color__hover_enabled=&#8220;off&#8220; button_one_text_color__hover_enabled=&#8220;off&#8220; button_two_text_color__hover_enabled=&#8220;off&#8220; button_border_width__hover_enabled=&#8220;off&#8220; button_one_border_width__hover_enabled=&#8220;off&#8220; button_two_border_width__hover_enabled=&#8220;off&#8220; button_border_color__hover_enabled=&#8220;off&#8220; button_one_border_color__hover_enabled=&#8220;off&#8220; button_two_border_color__hover_enabled=&#8220;off&#8220; button_border_radius__hover_enabled=&#8220;off&#8220; button_one_border_radius__hover_enabled=&#8220;off&#8220; button_two_border_radius__hover_enabled=&#8220;off&#8220; button_letter_spacing__hover_enabled=&#8220;off&#8220; button_one_letter_spacing__hover_enabled=&#8220;off&#8220; button_two_letter_spacing__hover_enabled=&#8220;off&#8220; button_bg_color__hover_enabled=&#8220;off&#8220; button_one_bg_color__hover_enabled=&#8220;off&#8220; button_two_bg_color__hover_enabled=&#8220;off&#8220; admin_label=&#8220;Satzung&#8220;][\/et_pb_button][\/et_pb_column][et_pb_column type=&#8220;1_3&#8243; _builder_version=&#8220;3.25&#8243; custom_padding=&#8220;|||&#8220; custom_padding__hover=&#8220;|||&#8220;][et_pb_button button_url=&#8220;https:\/\/www.ghs-berlin.de\/wp-content\/uploads\/2017\/11\/2017-09_Vereinfachter-Zuwendungsnachweis.pdf&#8220; url_new_window=&#8220;on&#8220; button_text=&#8220;Zuwendungsnachweis&#8220; button_alignment=&#8220;center&#8220; _builder_version=&#8220;4.3.2&#8243; hover_enabled=&#8220;0&#8243; box_shadow_style=&#8220;preset1&#8243; button_text_size__hover_enabled=&#8220;off&#8220; button_one_text_size__hover_enabled=&#8220;off&#8220; button_two_text_size__hover_enabled=&#8220;off&#8220; button_text_color__hover_enabled=&#8220;off&#8220; button_one_text_color__hover_enabled=&#8220;off&#8220; button_two_text_color__hover_enabled=&#8220;off&#8220; button_border_width__hover_enabled=&#8220;off&#8220; button_one_border_width__hover_enabled=&#8220;off&#8220; button_two_border_width__hover_enabled=&#8220;off&#8220; button_border_color__hover_enabled=&#8220;off&#8220; button_one_border_color__hover_enabled=&#8220;off&#8220; button_two_border_color__hover_enabled=&#8220;off&#8220; button_border_radius__hover_enabled=&#8220;off&#8220; button_one_border_radius__hover_enabled=&#8220;off&#8220; button_two_border_radius__hover_enabled=&#8220;off&#8220; button_letter_spacing__hover_enabled=&#8220;off&#8220; button_one_letter_spacing__hover_enabled=&#8220;off&#8220; button_two_letter_spacing__hover_enabled=&#8220;off&#8220; button_bg_color__hover_enabled=&#8220;off&#8220; button_one_bg_color__hover_enabled=&#8220;off&#8220; button_two_bg_color__hover_enabled=&#8220;off&#8220; admin_label=&#8220;Zuwendungsnachweis&#8220;][\/et_pb_button][\/et_pb_column][\/et_pb_row][et_pb_row _builder_version=&#8220;3.25&#8243; background_size=&#8220;initial&#8220; background_position=&#8220;top_left&#8220; background_repeat=&#8220;repeat&#8220;][et_pb_column type=&#8220;4_4&#8243; _builder_version=&#8220;3.25&#8243; custom_padding=&#8220;|||&#8220; custom_padding__hover=&#8220;|||&#8220;][et_pb_text _builder_version=&#8220;3.27.4&#8243;]\n<hr \/>\n<p style=\"text-align: justify;\">Wir sind laut Freistellungsbescheid des Finanzamtes f\u00fcr K\u00f6rperschaften I (StNr. 27\/665\/51622) wegen <em>\u201eF\u00f6rderung der Bildung und Erziehung\u201c<\/em> gem. \u00a7 52 Abs. 2 Satz 1 Nr. 7 AO als gemeinn\u00fctzig anerkannt. Spender von Betr\u00e4gen \u00fcber 200,00 EUR erhalten eine Spendenbescheinigung. Bitte teilen Sie uns zu deren Ausfertigung Ihre Anschrift mit!<\/p>\n[\/et_pb_text][\/et_pb_column][\/et_pb_row][\/et_pb_section]\n","protected":false},"excerpt":{"rendered":"<p>Freunde des Gerhart-Hauptmann-Gymnasiums Berlin GHS-F\u00f6rderverein e.V. Es wird viel \u00fcber Bildung diskutiert, durch den Schulf\u00f6rderverein wird etwas getan! \u00a0 Und so helfen Sie mit: Entweder als MITGLIED oder mit einer SPENDE auf unser Vereinskonto! Kontoinhaber: GHS \u2013 F\u00f6rderverein e.V. Kreditinstitut: Deutsche Skatbank IBAN:\u00a0 DE25 8306 5408 0004 0110 31 BIC:\u00a0 GENODEF1SLR Kontakt: foerderverein@ghs-berlin.de\u00a0 Wir sind [&hellip;]<\/p>\n","protected":false},"author":2,"featured_media":0,"parent":0,"menu_order":0,"comment_status":"closed","ping_status":"closed","template":"","meta":{"_et_pb_use_builder":"on","_et_pb_old_content":"","_et_gb_content_width":"","jetpack_post_was_ever_published":false,"footnotes":""},"class_list":["post-6884","page","type-page","status-publish","hentry"],"jetpack_shortlink":"https:\/\/wp.me\/P414Io-1N2","jetpack_sharing_enabled":true,"_links":{"self":[{"href":"https:\/\/www.ghs-berlin.de\/index.php?rest_route=\/wp\/v2\/pages\/6884","targetHints":{"allow":["GET"]}}],"collection":[{"href":"https:\/\/www.ghs-berlin.de\/index.php?rest_route=\/wp\/v2\/pages"}],"about":[{"href":"https:\/\/www.ghs-berlin.de\/index.php?rest_route=\/wp\/v2\/types\/page"}],"author":[{"embeddable":true,"href":"https:\/\/www.ghs-berlin.de\/index.php?rest_route=\/wp\/v2\/users\/2"}],"replies":[{"embeddable":true,"href":"https:\/\/www.ghs-berlin.de\/index.php?rest_route=%2Fwp%2Fv2%2Fcomments&post=6884"}],"version-history":[{"count":21,"href":"https:\/\/www.ghs-berlin.de\/index.php?rest_route=\/wp\/v2\/pages\/6884\/revisions"}],"predecessor-version":[{"id":9672,"href":"https:\/\/www.ghs-berlin.de\/index.php?rest_route=\/wp\/v2\/pages\/6884\/revisions\/9672"}],"wp:attachment":[{"href":"https:\/\/www.ghs-berlin.de\/index.php?rest_route=%2Fwp%2Fv2%2Fmedia&parent=6884"}],"curies":[{"name":"wp","href":"https:\/\/api.w.org\/{rel}","templated":true}]}}